{"id":1805,"date":"2021-06-19T20:49:33","date_gmt":"2021-06-19T20:49:33","guid":{"rendered":"https:\/\/scpa.escritoriomovel.com\/index.php\/contribuicoes-devidas-copy\/"},"modified":"2025-01-23T12:43:09","modified_gmt":"2025-01-23T15:43:09","slug":"contribuicao-sindical","status":"publish","type":"page","link":"https:\/\/scpa.org.br\/index.php\/contribuicao-sindical\/","title":{"rendered":"Contribui\u00e7\u00e3o Sindical"},"content":{"rendered":"\t\t<div data-elementor-type=\"wp-page\" data-elementor-id=\"1805\" class=\"elementor elementor-1805\" data-elementor-post-type=\"page\">\n\t\t\t\t\t\t<section class=\"elementor-section elementor-top-section elementor-element elementor-element-750ce8d elementor-section-height-min-height elementor-section-boxed elementor-section-height-default elementor-section-items-middle\" data-id=\"750ce8d\" data-element_type=\"section\" data-e-type=\"section\" data-settings=\"{&quot;background_background&quot;:&quot;classic&quot;,&quot;ekit_has_onepagescroll_dot&quot;:&quot;yes&quot;}\">\n\t\t\t\t\t\t\t<div class=\"elementor-background-overlay\"><\/div>\n\t\t\t\t\t\t\t<div class=\"elementor-container elementor-column-gap-no\">\n\t\t\t\t\t<div class=\"elementor-column elementor-col-100 elementor-top-column elementor-element elementor-element-5392e4d\" data-id=\"5392e4d\" data-element_type=\"column\" data-e-type=\"column\">\n\t\t\t<div class=\"elementor-widget-wrap elementor-element-populated\">\n\t\t\t\t\t\t<div class=\"elementor-element elementor-element-950ab56 elementor-widget elementor-widget-heading\" data-id=\"950ab56\" data-element_type=\"widget\" data-e-type=\"widget\" data-settings=\"{&quot;ekit_we_effect_on&quot;:&quot;none&quot;}\" data-widget_type=\"heading.default\">\n\t\t\t\t<div class=\"elementor-widget-container\">\n\t\t\t\t\t<p class=\"elementor-heading-title elementor-size-default\">Contribui\u00e7\u00e3o Sindical<\/p>\t\t\t\t<\/div>\n\t\t\t\t<\/div>\n\t\t\t\t<div class=\"elementor-element elementor-element-8063b88 elementor-widget elementor-widget-text-editor\" data-id=\"8063b88\" data-element_type=\"widget\" data-e-type=\"widget\" data-settings=\"{&quot;ekit_we_effect_on&quot;:&quot;none&quot;}\" data-widget_type=\"text-editor.default\">\n\t\t\t\t<div class=\"elementor-widget-container\">\n\t\t\t\t\t\t\t\t\t<p>\u00c9 obrigat\u00f3ria a todos os Contabilistas com registro ativo no Conselho Regional de Contabilidade, conforme artigo 579 da CLT \u2013 Consolida\u00e7\u00e3o das Leis do Trabalho, acolhido pela Constitui\u00e7\u00e3o em seu inciso IV do artigo 8\u00ba.<\/p>\t\t\t\t\t\t\t\t<\/div>\n\t\t\t\t<\/div>\n\t\t\t\t\t<\/div>\n\t\t<\/div>\n\t\t\t\t\t<\/div>\n\t\t<\/section>\n\t\t\t\t<section class=\"elementor-section elementor-top-section elementor-element elementor-element-75a141c elementor-section-height-min-height elementor-section-boxed elementor-section-height-default elementor-section-items-middle\" data-id=\"75a141c\" data-element_type=\"section\" data-e-type=\"section\" data-settings=\"{&quot;ekit_has_onepagescroll_dot&quot;:&quot;yes&quot;}\">\n\t\t\t\t\t\t<div class=\"elementor-container elementor-column-gap-default\">\n\t\t\t\t\t<div class=\"elementor-column elementor-col-100 elementor-top-column elementor-element elementor-element-0c89661\" data-id=\"0c89661\" data-element_type=\"column\" data-e-type=\"column\">\n\t\t\t<div class=\"elementor-widget-wrap elementor-element-populated\">\n\t\t\t\t\t\t<div class=\"elementor-element elementor-element-2acc647 elementor-widget elementor-widget-heading\" data-id=\"2acc647\" data-element_type=\"widget\" data-e-type=\"widget\" data-settings=\"{&quot;ekit_we_effect_on&quot;:&quot;none&quot;}\" data-widget_type=\"heading.default\">\n\t\t\t\t<div class=\"elementor-widget-container\">\n\t\t\t\t\t<h2 class=\"elementor-heading-title elementor-size-default\">CONTRIBUI\u00c7\u00c3O SINDICAL<\/h2>\t\t\t\t<\/div>\n\t\t\t\t<\/div>\n\t\t\t\t<div class=\"elementor-element elementor-element-a646b43 elementor-widget elementor-widget-text-editor\" data-id=\"a646b43\" data-element_type=\"widget\" data-e-type=\"widget\" data-settings=\"{&quot;ekit_we_effect_on&quot;:&quot;none&quot;}\" data-widget_type=\"text-editor.default\">\n\t\t\t\t<div class=\"elementor-widget-container\">\n\t\t\t\t\t\t\t\t\t<p>\u00c9 obrigat\u00f3ria a todos os Contabilistas com registro ativo no Conselho Regional de Contabilidade, conforme artigo 579 da CLT \u2013 Consolida\u00e7\u00e3o das Leis do Trabalho, acolhido pela Constitui\u00e7\u00e3o em seu inciso IV do artigo 8\u00ba.<\/p><p>A Contribui\u00e7\u00e3o \u00e9 devida por todos que participam de uma determinada categoria econ\u00f4mica ou profissional ou de uma profiss\u00e3o liberal, em favor do sindicato representativo da mesma categoria ou profiss\u00e3o. Portanto, sua natureza jur\u00eddica \u00e9 tribut\u00e1ria, compuls\u00f3ria, pois independente da vontade do contribuinte de pagar ou n\u00e3o o tributo.<\/p><p>O art. 589, da CLT, determina que a arrecada\u00e7\u00e3o obrigat\u00f3ria constitui um fundo na Caixa Econ\u00f4mica Federal, em uma conta corrente chamada Dep\u00f3sitos da Arrecada\u00e7\u00e3o da Contribui\u00e7\u00e3o Sindical, e prev\u00ea a distribui\u00e7\u00e3o dos recursos recolhidos: 5% para a Confedera\u00e7\u00e3o correspondente; 15% para a Federa\u00e7\u00e3o; 60% para o sindicato respectivo; e 20% para a Conta Especial Emprego e Sal\u00e1rios, do Minist\u00e9rio do Trabalho.<\/p><p>De acordo com o artigo 599 da CLT, o n\u00e3o pagamento dessa contribui\u00e7\u00e3o pelos Profissionais Liberais poder\u00e1 consistir na suspens\u00e3o do exerc\u00edcio profissional, aplicada pelos \u00f3rg\u00e3os disciplinadores das respectivas profiss\u00f5es, at\u00e9 sua necess\u00e1ria quita\u00e7\u00e3o.<\/p><p>Em decorr\u00eancia desse imperativo legal, o Conselho Federal de Contabilidade, atrav\u00e9s da resolu\u00e7\u00e3o n\u00ba 899 de 22\/03\/2001, determinou a impossibilidade de fornecimento da\u00a0<strong>Certid\u00e3o de Regularidade<\/strong>, para o exerc\u00edcio da profiss\u00e3o cont\u00e1bil, aos profissionais que n\u00e3o estiverem em dia com suas obriga\u00e7\u00f5es, dentre as quais o recolhimento da Contribui\u00e7\u00e3o Sindical.<\/p><p>Aos Contabilistas com v\u00ednculo empregat\u00edcio, para a n\u00e3o efetiva\u00e7\u00e3o do desconto de um dia de sal\u00e1rio a que se refere os artigos 582 e 585 da Consolida\u00e7\u00e3o das Leis do Trabalho, ressaltamos a necessidade de informar \u00e0 \u00e1rea de Recursos Humanos da empresa em que trabalha, sobre a op\u00e7\u00e3o de pagamento da Contribui\u00e7\u00e3o Sindical unicamente ao Sindicato dos Contabilistas de Porto Alegre, n\u00e3o sofrendo, portanto, nenhum desconto para qualquer outro sindicato, visto que seu recolhimento \u00e9 um dos requisitos para o exerc\u00edcio legal da profiss\u00e3o, nos termos do art. 599 da CLT.<\/p><p>Lembramos aos colegas, titulares de escrit\u00f3rio individual ou s\u00f3cios de empresa de contabilidade que a Contribui\u00e7\u00e3o Sindical, de acordo com o art. 580, incisos II e III da CLT, \u00e9 devida de forma distinta pelo profissional ao\u00a0<strong>Sindicato dos Contabilistas de Porto Alegre<\/strong>, por se tratar de pessoa f\u00edsica, e pelo escrit\u00f3rio ou sociedade ao\u00a0<a href=\"http:\/\/www.sescon-rs.com.br\/\" target=\"_blank\" rel=\"noopener\"><strong>SESCON-RS<\/strong><\/a>, por se tratar de pessoa jur\u00eddica, conforme Of\u00edcio-circular n\u00ba 079\/96, de 26 de setembro de 1996, da Federa\u00e7\u00e3o Nacional das Empresas de Servi\u00e7os Cont\u00e1beis \u2013\u00a0<a href=\"http:\/\/www.cnpl.org.br\/\" target=\"_blank\" rel=\"noopener\"><strong>FENACON<\/strong>\u00a0<\/a>e da<a href=\"http:\/\/www.cnpl.org.br\/\" target=\"_blank\" rel=\"noopener\"><strong>\u00a0Confedera\u00e7\u00e3o Nacional das Profiss\u00f5es Liberais \u2013 CNPL<\/strong><\/a>. Maiores informa\u00e7\u00f5es poder\u00e3o ser obtidas junto aos Departamentos Jur\u00eddicos das respectivos entidades.<\/p><p>O pagamento dever\u00e1 ser feito at\u00e9 o dia\u00a0<strong>28 de fevereiro de cada ano\u00a0<\/strong>e poder\u00e1 ser recolhida em qualquer ag\u00eancia banc\u00e1ria, pela Caixa Econ\u00f4mica Federal e unidades lot\u00e9ricas.<\/p>\t\t\t\t\t\t\t\t<\/div>\n\t\t\t\t<\/div>\n\t\t\t\t\t<\/div>\n\t\t<\/div>\n\t\t\t\t\t<\/div>\n\t\t<\/section>\n\t\t\t\t<section class=\"elementor-section elementor-top-section elementor-element elementor-element-afe05aa elementor-section-boxed elementor-section-height-default elementor-section-height-default\" data-id=\"afe05aa\" data-element_type=\"section\" data-e-type=\"section\" data-settings=\"{&quot;ekit_has_onepagescroll_dot&quot;:&quot;yes&quot;}\">\n\t\t\t\t\t\t<div class=\"elementor-container elementor-column-gap-default\">\n\t\t\t\t\t<div class=\"elementor-column elementor-col-100 elementor-top-column elementor-element elementor-element-ed0585e\" data-id=\"ed0585e\" data-element_type=\"column\" data-e-type=\"column\">\n\t\t\t<div class=\"elementor-widget-wrap elementor-element-populated\">\n\t\t\t\t\t\t<div class=\"elementor-element elementor-element-9f19403 elementor-widget elementor-widget-heading\" data-id=\"9f19403\" data-element_type=\"widget\" data-e-type=\"widget\" data-settings=\"{&quot;ekit_we_effect_on&quot;:&quot;none&quot;}\" data-widget_type=\"heading.default\">\n\t\t\t\t<div class=\"elementor-widget-container\">\n\t\t\t\t\t<h3 class=\"elementor-heading-title elementor-size-default\">CONTRIBUI\u00c7\u00c3O SINDICAL DE 2025<\/h3>\t\t\t\t<\/div>\n\t\t\t\t<\/div>\n\t\t\t\t<div class=\"elementor-element elementor-element-d2f1487 elementor-widget elementor-widget-text-editor\" data-id=\"d2f1487\" data-element_type=\"widget\" data-e-type=\"widget\" data-settings=\"{&quot;ekit_we_effect_on&quot;:&quot;none&quot;}\" data-widget_type=\"text-editor.default\">\n\t\t\t\t<div class=\"elementor-widget-container\">\n\t\t\t\t\t\t\t\t\t<p>Os valores das Contribui\u00e7\u00f5es Sindicais s\u00e3o determinados pela FEDERACON\/RS (Federa\u00e7\u00e3o dos Contabilistas do Estado do RS), entidade que congrega os 16 Sindicatos de Contabilistas do Estado.<\/p>\n<p>Para o ano de&nbsp;<strong>2025<\/strong>&nbsp;ficou fixado o seguinte valor:&nbsp;<\/p>\n<p>&gt;&gt;<strong>&nbsp;R$ 169,00, para pagamento at\u00e9 28\/02\/2025;<\/strong><\/p>\n<p>Lembramos que o pagamento da Contribui\u00e7\u00e3o Sindical \u00e9 requisito legal para o exerc\u00edcio da profiss\u00e3o cont\u00e1bil, estando sujeito a fiscaliza\u00e7\u00e3o do CRC\/RS e do Minist\u00e9rio do Trabalho e Emprego.<\/p>\n<p>Para solicitar sua guia, clique no bot\u00e3o abaixo e preencha o formul\u00e1rio com a sua solicita\u00e7\u00e3o.<\/p>\t\t\t\t\t\t\t\t<\/div>\n\t\t\t\t<\/div>\n\t\t\t\t<div class=\"elementor-element elementor-element-ed27c96 elementor-widget elementor-widget-button\" data-id=\"ed27c96\" data-element_type=\"widget\" data-e-type=\"widget\" data-settings=\"{&quot;ekit_we_effect_on&quot;:&quot;none&quot;}\" data-widget_type=\"button.default\">\n\t\t\t\t<div class=\"elementor-widget-container\">\n\t\t\t\t\t\t\t\t\t<div class=\"elementor-button-wrapper\">\n\t\t\t\t\t<a class=\"elementor-button elementor-button-link elementor-size-sm\" href=\"https:\/\/scpa.org.br\/index.php\/contato\/\">\n\t\t\t\t\t\t<span class=\"elementor-button-content-wrapper\">\n\t\t\t\t\t\t\t\t\t<span class=\"elementor-button-text\">Solicitar Guia Sindical<\/span>\n\t\t\t\t\t<\/span>\n\t\t\t\t\t<\/a>\n\t\t\t\t<\/div>\n\t\t\t\t\t\t\t\t<\/div>\n\t\t\t\t<\/div>\n\t\t\t\t\t<\/div>\n\t\t<\/div>\n\t\t\t\t\t<\/div>\n\t\t<\/section>\n\t\t\t\t<section class=\"elementor-section elementor-top-section elementor-element elementor-element-9ebd398 elementor-section-boxed elementor-section-height-default elementor-section-height-default\" data-id=\"9ebd398\" data-element_type=\"section\" data-e-type=\"section\" data-settings=\"{&quot;background_background&quot;:&quot;classic&quot;,&quot;ekit_has_onepagescroll_dot&quot;:&quot;yes&quot;}\">\n\t\t\t\t\t\t\t<div class=\"elementor-background-overlay\"><\/div>\n\t\t\t\t\t\t\t<div class=\"elementor-container elementor-column-gap-no\">\n\t\t\t\t\t<div class=\"elementor-column elementor-col-50 elementor-top-column elementor-element elementor-element-13446bc\" data-id=\"13446bc\" data-element_type=\"column\" data-e-type=\"column\">\n\t\t\t<div class=\"elementor-widget-wrap elementor-element-populated\">\n\t\t\t\t\t\t<div class=\"elementor-element elementor-element-d36b82b elementor-view-stacked elementor-position-inline-start elementor-shape-circle elementor-mobile-position-block-start elementor-widget elementor-widget-icon-box\" data-id=\"d36b82b\" data-element_type=\"widget\" data-e-type=\"widget\" data-settings=\"{&quot;ekit_we_effect_on&quot;:&quot;none&quot;}\" data-widget_type=\"icon-box.default\">\n\t\t\t\t<div class=\"elementor-widget-container\">\n\t\t\t\t\t\t\t<div class=\"elementor-icon-box-wrapper\">\n\n\t\t\t\t\t\t<div class=\"elementor-icon-box-icon\">\n\t\t\t\t<span  class=\"elementor-icon\">\n\t\t\t\t<i aria-hidden=\"true\" class=\"fas fa-envelope-open-text\"><\/i>\t\t\t\t<\/span>\n\t\t\t<\/div>\n\t\t\t\n\t\t\t\t\t\t<div class=\"elementor-icon-box-content\">\n\n\t\t\t\t\t\t\t\t\t<p class=\"elementor-icon-box-title\">\n\t\t\t\t\t\t<span  >\n\t\t\t\t\t\t\tQuero ser um Associado\t\t\t\t\t\t<\/span>\n\t\t\t\t\t<\/p>\n\t\t\t\t\n\t\t\t\t\t\t\t\t\t<p class=\"elementor-icon-box-description\">\n\t\t\t\t\t\tClique no bot\u00e3o e confira o que \u00e9 preciso para ser s\u00f3cio do Sindicato e iniciar o Processo de Associa\u00e7\u00e3o.\n\t\t\t\t\t<\/p>\n\t\t\t\t\n\t\t\t<\/div>\n\t\t\t\n\t\t<\/div>\n\t\t\t\t\t\t<\/div>\n\t\t\t\t<\/div>\n\t\t\t\t\t<\/div>\n\t\t<\/div>\n\t\t\t\t<div class=\"elementor-column elementor-col-50 elementor-top-column elementor-element elementor-element-5682cf2\" data-id=\"5682cf2\" data-element_type=\"column\" data-e-type=\"column\">\n\t\t\t<div class=\"elementor-widget-wrap elementor-element-populated\">\n\t\t\t\t\t\t<div class=\"elementor-element elementor-element-c8da79c elementor-align-center elementor-widget elementor-widget-button\" data-id=\"c8da79c\" data-element_type=\"widget\" data-e-type=\"widget\" data-settings=\"{&quot;ekit_we_effect_on&quot;:&quot;none&quot;}\" data-widget_type=\"button.default\">\n\t\t\t\t<div class=\"elementor-widget-container\">\n\t\t\t\t\t\t\t\t\t<div class=\"elementor-button-wrapper\">\n\t\t\t\t\t<a class=\"elementor-button elementor-button-link elementor-size-sm\" href=\"https:\/\/scpa.org.br\/index.php\/associado\/\">\n\t\t\t\t\t\t<span class=\"elementor-button-content-wrapper\">\n\t\t\t\t\t\t\t\t\t<span class=\"elementor-button-text\">Saiba mais<\/span>\n\t\t\t\t\t<\/span>\n\t\t\t\t\t<\/a>\n\t\t\t\t<\/div>\n\t\t\t\t\t\t\t\t<\/div>\n\t\t\t\t<\/div>\n\t\t\t\t\t<\/div>\n\t\t<\/div>\n\t\t\t\t\t<\/div>\n\t\t<\/section>\n\t\t\t\t<section class=\"elementor-section elementor-top-section elementor-element elementor-element-4b15a88 elementor-section-boxed elementor-section-height-default elementor-section-height-default\" data-id=\"4b15a88\" data-element_type=\"section\" data-e-type=\"section\" data-settings=\"{&quot;background_background&quot;:&quot;classic&quot;,&quot;ekit_has_onepagescroll_dot&quot;:&quot;yes&quot;}\">\n\t\t\t\t\t\t<div class=\"elementor-container elementor-column-gap-no\">\n\t\t\t\t\t<div class=\"elementor-column elementor-col-33 elementor-top-column elementor-element elementor-element-e30a010\" data-id=\"e30a010\" data-element_type=\"column\" data-e-type=\"column\">\n\t\t\t<div class=\"elementor-widget-wrap elementor-element-populated\">\n\t\t\t\t\t\t<div class=\"elementor-element elementor-element-c8f504c elementor-position-inline-start elementor-widget__width-auto elementor-widget-mobile__width-inherit elementor-view-default elementor-mobile-position-block-start elementor-widget elementor-widget-icon-box\" data-id=\"c8f504c\" data-element_type=\"widget\" data-e-type=\"widget\" data-settings=\"{&quot;ekit_we_effect_on&quot;:&quot;none&quot;}\" data-widget_type=\"icon-box.default\">\n\t\t\t\t<div class=\"elementor-widget-container\">\n\t\t\t\t\t\t\t<div class=\"elementor-icon-box-wrapper\">\n\n\t\t\t\t\t\t<div class=\"elementor-icon-box-icon\">\n\t\t\t\t<a href=\"https:\/\/www.google.com\/maps\/place\/R.+Riachuelo,+1641+-+1%C2%BA+andar+-+Centro+Hist%C3%B3rico,+Porto+Alegre+-+RS,+90010-271\/@-30.031687,-51.2273377,17z\/data=!3m1!4b1!4m5!3m4!1s0x95197906426a848b:0x1321f05bfc33956c!8m2!3d-30.031687!4d-51.225149\" class=\"elementor-icon\" tabindex=\"-1\" aria-label=\"Nosso Endere\u00e7o \">\n\t\t\t\t<i aria-hidden=\"true\" class=\"fas fa-map-marker-alt\"><\/i>\t\t\t\t<\/a>\n\t\t\t<\/div>\n\t\t\t\n\t\t\t\t\t\t<div class=\"elementor-icon-box-content\">\n\n\t\t\t\t\t\t\t\t\t<h4 class=\"elementor-icon-box-title\">\n\t\t\t\t\t\t<a href=\"https:\/\/www.google.com\/maps\/place\/R.+Riachuelo,+1641+-+1%C2%BA+andar+-+Centro+Hist%C3%B3rico,+Porto+Alegre+-+RS,+90010-271\/@-30.031687,-51.2273377,17z\/data=!3m1!4b1!4m5!3m4!1s0x95197906426a848b:0x1321f05bfc33956c!8m2!3d-30.031687!4d-51.225149\" >\n\t\t\t\t\t\t\tNosso Endere\u00e7o \t\t\t\t\t\t<\/a>\n\t\t\t\t\t<\/h4>\n\t\t\t\t\n\t\t\t\t\t\t\t\t\t<p class=\"elementor-icon-box-description\">\n\t\t\t\t\t\tRua Riachuelo, 1641 1\u00ba andar - Centro - Porto Alegre - RS\n\t\t\t\t\t<\/p>\n\t\t\t\t\n\t\t\t<\/div>\n\t\t\t\n\t\t<\/div>\n\t\t\t\t\t\t<\/div>\n\t\t\t\t<\/div>\n\t\t\t\t\t<\/div>\n\t\t<\/div>\n\t\t\t\t<div class=\"elementor-column elementor-col-33 elementor-top-column elementor-element elementor-element-d69f3bf\" data-id=\"d69f3bf\" data-element_type=\"column\" data-e-type=\"column\">\n\t\t\t<div class=\"elementor-widget-wrap elementor-element-populated\">\n\t\t\t\t\t\t<div class=\"elementor-element elementor-element-8a174b2 elementor-position-inline-start elementor-widget__width-auto elementor-widget-mobile__width-inherit elementor-view-default elementor-mobile-position-block-start elementor-widget elementor-widget-icon-box\" data-id=\"8a174b2\" data-element_type=\"widget\" data-e-type=\"widget\" data-settings=\"{&quot;ekit_we_effect_on&quot;:&quot;none&quot;}\" data-widget_type=\"icon-box.default\">\n\t\t\t\t<div class=\"elementor-widget-container\">\n\t\t\t\t\t\t\t<div class=\"elementor-icon-box-wrapper\">\n\n\t\t\t\t\t\t<div class=\"elementor-icon-box-icon\">\n\t\t\t\t<span  class=\"elementor-icon\">\n\t\t\t\t<i aria-hidden=\"true\" class=\"fas fa-phone\"><\/i>\t\t\t\t<\/span>\n\t\t\t<\/div>\n\t\t\t\n\t\t\t\t\t\t<div class=\"elementor-icon-box-content\">\n\n\t\t\t\t\t\t\t\t\t<p class=\"elementor-icon-box-title\">\n\t\t\t\t\t\t<span  >\n\t\t\t\t\t\t\tPara mais Informa\u00e7\u00f5es \t\t\t\t\t\t<\/span>\n\t\t\t\t\t<\/p>\n\t\t\t\t\n\t\t\t\t\t\t\t\t\t<p class=\"elementor-icon-box-description\">\n\t\t\t\t\t\t(51) 3225-1499\n\t\t\t\t\t<\/p>\n\t\t\t\t\n\t\t\t<\/div>\n\t\t\t\n\t\t<\/div>\n\t\t\t\t\t\t<\/div>\n\t\t\t\t<\/div>\n\t\t\t\t\t<\/div>\n\t\t<\/div>\n\t\t\t\t<div class=\"elementor-column elementor-col-33 elementor-top-column elementor-element elementor-element-561f0a1\" data-id=\"561f0a1\" data-element_type=\"column\" data-e-type=\"column\">\n\t\t\t<div class=\"elementor-widget-wrap elementor-element-populated\">\n\t\t\t\t\t\t<div class=\"elementor-element elementor-element-ba8eaac elementor-position-inline-start elementor-widget__width-auto elementor-widget-mobile__width-inherit elementor-view-default elementor-mobile-position-block-start elementor-widget elementor-widget-icon-box\" data-id=\"ba8eaac\" data-element_type=\"widget\" data-e-type=\"widget\" data-settings=\"{&quot;ekit_we_effect_on&quot;:&quot;none&quot;}\" data-widget_type=\"icon-box.default\">\n\t\t\t\t<div class=\"elementor-widget-container\">\n\t\t\t\t\t\t\t<div class=\"elementor-icon-box-wrapper\">\n\n\t\t\t\t\t\t<div class=\"elementor-icon-box-icon\">\n\t\t\t\t<a href=\"mailto:secretaria@scpa.org.br\" class=\"elementor-icon\" tabindex=\"-1\" aria-label=\"Envie-nos um E-mail\">\n\t\t\t\t<i aria-hidden=\"true\" class=\"fas fa-envelope\"><\/i>\t\t\t\t<\/a>\n\t\t\t<\/div>\n\t\t\t\n\t\t\t\t\t\t<div class=\"elementor-icon-box-content\">\n\n\t\t\t\t\t\t\t\t\t<p class=\"elementor-icon-box-title\">\n\t\t\t\t\t\t<a href=\"mailto:secretaria@scpa.org.br\" >\n\t\t\t\t\t\t\tEnvie-nos um E-mail\t\t\t\t\t\t<\/a>\n\t\t\t\t\t<\/p>\n\t\t\t\t\n\t\t\t\t\t\t\t\t\t<p class=\"elementor-icon-box-description\">\n\t\t\t\t\t\tsecretaria@scpa.org.br\t\t\t\t\t<\/p>\n\t\t\t\t\n\t\t\t<\/div>\n\t\t\t\n\t\t<\/div>\n\t\t\t\t\t\t<\/div>\n\t\t\t\t<\/div>\n\t\t\t\t\t<\/div>\n\t\t<\/div>\n\t\t\t\t\t<\/div>\n\t\t<\/section>\n\t\t\t\t<\/div>\n\t\t","protected":false},"excerpt":{"rendered":"<p>Contribui\u00e7\u00e3o Sindical \u00c9 obrigat\u00f3ria a todos os Contabilistas com registro ativo no Conselho Regional de Contabilidade, conforme artigo 579 da CLT \u2013 Consolida\u00e7\u00e3o das Leis do Trabalho, acolhido pela Constitui\u00e7\u00e3o em seu inciso IV do artigo 8\u00ba. CONTRIBUI\u00c7\u00c3O SINDICAL \u00c9 obrigat\u00f3ria a todos os Contabilistas com registro ativo no Conselho Regional de Contabilidade, conforme artigo [&hellip;]<\/p>\n","protected":false},"author":1,"featured_media":0,"parent":0,"menu_order":0,"comment_status":"closed","ping_status":"closed","template":"","meta":{"_editorskit_title_hidden":false,"_editorskit_reading_time":0,"_editorskit_is_block_options_detached":false,"_editorskit_block_options_position":"{}","site-sidebar-layout":"no-sidebar","site-content-layout":"page-builder","ast-site-content-layout":"default","site-content-style":"default","site-sidebar-style":"default","ast-global-header-display":"","ast-banner-title-visibility":"","ast-main-header-display":"","ast-hfb-above-header-display":"","ast-hfb-below-header-display":"","ast-hfb-mobile-header-display":"","site-post-title":"disabled","ast-breadcrumbs-content":"","ast-featured-img":"disabled","footer-sml-layout":"","ast-disable-related-posts":"","theme-transparent-header-meta":"enabled","adv-header-id-meta":"","stick-header-meta":"","header-above-stick-meta":"","header-main-stick-meta":"","header-below-stick-meta":"","astra-migrate-meta-layouts":"default","ast-page-background-enabled":"default","ast-page-background-meta":{"desktop":{"background-color":"","background-image":"","background-repeat":"repeat","background-position":"center center","background-size":"auto","background-attachment":"scroll","background-type":"","background-media":"","overlay-type":"","overlay-color":"","overlay-opacity":"","overlay-gradient":""},"tablet":{"background-color":"","background-image":"","background-repeat":"repeat","background-position":"center center","background-size":"auto","background-attachment":"scroll","background-type":"","background-media":"","overlay-type":"","overlay-color":"","overlay-opacity":"","overlay-gradient":""},"mobile":{"background-color":"","background-image":"","background-repeat":"repeat","background-position":"center center","background-size":"auto","background-attachment":"scroll","background-type":"","background-media":"","overlay-type":"","overlay-color":"","overlay-opacity":"","overlay-gradient":""}},"ast-content-background-meta":{"desktop":{"background-color":"var(--ast-global-color-5)","background-image":"","background-repeat":"repeat","background-position":"center center","background-size":"auto","background-attachment":"scroll","background-type":"","background-media":"","overlay-type":"","overlay-color":"","overlay-opacity":"","overlay-gradient":""},"tablet":{"background-color":"var(--ast-global-color-5)","background-image":"","background-repeat":"repeat","background-position":"center center","background-size":"auto","background-attachment":"scroll","background-type":"","background-media":"","overlay-type":"","overlay-color":"","overlay-opacity":"","overlay-gradient":""},"mobile":{"background-color":"var(--ast-global-color-5)","background-image":"","background-repeat":"repeat","background-position":"center center","background-size":"auto","background-attachment":"scroll","background-type":"","background-media":"","overlay-type":"","overlay-color":"","overlay-opacity":"","overlay-gradient":""}},"footnotes":""},"class_list":["post-1805","page","type-page","status-publish","hentry"],"jetpack_sharing_enabled":true,"_links":{"self":[{"href":"https:\/\/scpa.org.br\/index.php\/wp-json\/wp\/v2\/pages\/1805","targetHints":{"allow":["GET"]}}],"collection":[{"href":"https:\/\/scpa.org.br\/index.php\/wp-json\/wp\/v2\/pages"}],"about":[{"href":"https:\/\/scpa.org.br\/index.php\/wp-json\/wp\/v2\/types\/page"}],"author":[{"embeddable":true,"href":"https:\/\/scpa.org.br\/index.php\/wp-json\/wp\/v2\/users\/1"}],"replies":[{"embeddable":true,"href":"https:\/\/scpa.org.br\/index.php\/wp-json\/wp\/v2\/comments?post=1805"}],"version-history":[{"count":50,"href":"https:\/\/scpa.org.br\/index.php\/wp-json\/wp\/v2\/pages\/1805\/revisions"}],"predecessor-version":[{"id":50581,"href":"https:\/\/scpa.org.br\/index.php\/wp-json\/wp\/v2\/pages\/1805\/revisions\/50581"}],"wp:attachment":[{"href":"https:\/\/scpa.org.br\/index.php\/wp-json\/wp\/v2\/media?parent=1805"}],"curies":[{"name":"wp","href":"https:\/\/api.w.org\/{rel}","templated":true}]}}